{"id":282,"date":"2019-02-28T21:00:17","date_gmt":"2019-02-28T21:00:17","guid":{"rendered":"https:\/\/ndavila.wpengine.com\/home\/"},"modified":"2026-02-25T10:00:36","modified_gmt":"2026-02-25T16:00:36","slug":"home","status":"publish","type":"page","link":"https:\/\/noviasdavila.com\/es\/","title":{"rendered":"Sue\u00f1os de quincea\u00f1eras"},"content":{"rendered":"<h6>Bienvenidos a Novias Davila<\/h6><h1>Sue\u00f1os de quincea\u00f1eras<\/h1>\t\t\t\n\t\t\t\t<img decoding=\"async\" src=\"https:\/\/noviasdavila.com\/wp-content\/uploads\/GD-Red-Gown-.jpg\" alt=\"GD Red Gown\" title=\"GD Red Gown\" itemprop=\"image\"\/>\n\t\t\t<h2>Quienes somos<\/h2><h5>Acerca de<\/h5>\t\t\t\n\t\t\t\t<p>Establecida en 1998, Novias Davila comenz\u00f3 en Cicero, Illinois.<\/p>\n<p>Novias Davila se enorgullece de nuestro servicio al cliente y de nuestra dedicaci\u00f3n a la creaci\u00f3n de vestidos de quincea\u00f1era tradicionales y \u00fanicos, que se convierten en parte de los eventos memorables de su vida.<\/p>\n<p>En 2012, Novias Davila se mud\u00f3 a la comunidad de La Villita de Chicago. Nuestros clientes nos siguen a trav\u00e9s de nuestro viaje empresarial y se convierten en parte de nuestra familia.<\/p>\n<p>Los clientes de la comunidad de La Villita contin\u00faan contribuyendo a nuestro \u00e9xito. Los hermosos dise\u00f1os de Novias Davila, los hermosos colores, el excelente servicio al cliente y nuestra dedicaci\u00f3n hacen realidad sus sue\u00f1os de quincea\u00f1era.<\/p>\n\t\t\t<h2>Nuestros Clientes Felices<\/h2><h6>Testimonios<\/h6>\t\t\t\n\t\t\t\t<img decoding=\"async\" src=\"https:\/\/noviasdavila.com\/wp-content\/uploads\/bb-plugin\/cache\/16508755_1220958294659206_79643764773412280_n-circle.jpg\" alt=\"16508755_1220958294659206_79643764773412280_n\" title=\"16508755_1220958294659206_79643764773412280_n\" itemprop=\"image\"\/>\n\t\t\t\t\t\t\t<p>\u201cGracias a Novias Davila Bridals. Consegu\u00ed mi precioso vestido exactamente como lo quer\u00eda. Recomiendo absolutamente Novias Davila y gracias de nuevo &quot;.<\/p>\n\t\t\t\t\t\t\t\t<h3 class='uabb-testimonial-author-name testimonial-author-name'>Dayana<\/h3>\t\t\t\t\t\t\t\t\n\t\t\t\t\t\t\t\t\tQuincea\u00f1era\t\t\t\t\t\t\t\t\n\t\t\t\t<img decoding=\"async\" src=\"https:\/\/noviasdavila.com\/wp-content\/uploads\/bb-plugin\/cache\/16730194_1220963664658669_2946497216959635213_n-circle.jpg\" alt=\"16730194_1220963664658669_2946497216959635213_n\" title=\"16730194_1220963664658669_2946497216959635213_n\" itemprop=\"image\"\/>\n\t\t\t\t\t\t\t<p>&#8220;I loved my dress!&#8221;<\/p>\t\t\t\t\t\t\n\t\t\t\t\t\t\t\t<h3 class='uabb-testimonial-author-name testimonial-author-name'>Dayana<\/h3>\t\t\t\t\t\t\t\t\n\t\t\t\t\t\t\t\t\tQuincea\u00f1era\t\t\t\t\t\t\t\t\n\t\t\t\t<img decoding=\"async\" src=\"https:\/\/noviasdavila.com\/wp-content\/uploads\/bb-plugin\/cache\/21685930_1433860883368945_1154160142541829877_n-circle.jpg\" alt=\"21685930_1433860883368945_1154160142541829877_n\" title=\"21685930_1433860883368945_1154160142541829877_n\" itemprop=\"image\"\/>\n\t\t\t\t\t\t\t<p>&#8220;Thank you Novias Davila for making my dream wedding dress!&#8221;<\/p>\t\t\t\t\t\t\n\t\t\t\t\t\t\t\t<h3 class='uabb-testimonial-author-name testimonial-author-name'>Danielle<\/h3>\t\t\t\t\t\t\t\t\n\t\t\t\t\t\t\t\t\tBoda\t\t\t\t\t\t\t\t\n\t\t\t<h6><em><strong>I FOUND MY DREAM DRESS AT\u00a0<\/strong><\/em><\/h6><h2>Quincea\u00f1eras Davila Arely<\/h2>\t\t\t\n\t\t\t<a href=\"https:\/\/noviasdavila.com\/es\/contact\/\" title=\"Click Here\" target=\"_self\"   role=\"button\" aria-label=\"P\u00f3ngase en contacto con nosotros hoy\">\n\t\t\t\t\t\t\tP\u00f3ngase en contacto con nosotros hoy\n\t\t<\/a>\n\t\t\t\t<img decoding=\"async\" src=\"https:\/\/noviasdavila.com\/wp-content\/uploads\/I-found-my-Dream-Dress.jpg\" alt=\"I found my Dream Dress\" title=\"I found my Dream Dress\" itemprop=\"image\"  \/>\n\t\t\t<h2>Our Quincea\u00f1eras Designers<\/h2>\t\t\t\n\t\t\t\t<a href=\"https:\/\/www.rachelallan.com\/quinceanera-home\" target=\"_blank\" rel=\"noopener\" itemprop=\"url\">\n\t\t\t\t<img decoding=\"async\" src=\"https:\/\/noviasdavila.com\/wp-content\/uploads\/radresssample-scaled.jpg\" alt=\"radresssample\" title=\"radresssample\" itemprop=\"image\"  \/>\n\t\t\t\t\t\t<\/a>\n\t\t\t\t<a href=\"https:\/\/www.rachelallan.com\/quinceanera-home\" target=\"_blank\" rel=\"noopener\" itemprop=\"url\">\n\t\t\t\t<img decoding=\"async\" src=\"https:\/\/noviasdavila.com\/wp-content\/uploads\/Rachel-Allan-bridal-logo.png\" alt=\"Rachel-Allan-bridal-logo\" title=\"Rachel-Allan-bridal-logo\" itemprop=\"image\"  \/>\n\t\t\t\t\t\t<\/a>\n\t\t\t\t<a href=\"https:\/\/qbydavinci.com\/my-quince\" target=\"_blank\" rel=\"noopener\" itemprop=\"url\">\n\t\t\t\t<img decoding=\"async\" src=\"https:\/\/noviasdavila.com\/wp-content\/uploads\/qbddresssamp-225x300.jpg\" alt=\"qbddresssamp\" title=\"qbddresssamp\" itemprop=\"image\"  \/>\n\t\t\t\t\t\t<\/a>\n\t\t\t\t<a href=\"https:\/\/qbydavinci.com\/collection\" target=\"_blank\" rel=\"noopener\" itemprop=\"url\">\n\t\t\t\t<img decoding=\"async\" src=\"https:\/\/noviasdavila.com\/wp-content\/uploads\/qdv.png\" alt=\"qdv\" title=\"qdv\" itemprop=\"image\"  \/>\n\t\t\t\t\t\t<\/a>\n\t\t\t\t<a href=\"https:\/\/www.arianavara.com\/princesa-quinceanera-dresses\/fall-2025\/pr30205\" target=\"_blank\" rel=\"noopener\" itemprop=\"url\">\n\t\t\t\t<img decoding=\"async\" src=\"https:\/\/noviasdavila.com\/wp-content\/uploads\/Princesa-by-Ariana-Vara-PR30205.webp\" alt=\"Princesa by Ariana Vara Style PR30205\" title=\"Princesa by Ariana Vara #PR30205\" itemprop=\"image\"  \/>\n\t\t\t\t\t\t<\/a>\n\t\tPrincesa by \nAriana Vara \nStyle PR30205\n\t\t\t\t<a href=\"https:\/\/www.arianavara.com\/categories\/quinceanera-dresses\" target=\"_blank\" rel=\"noopener\" itemprop=\"url\">\n\t\t\t\t<img decoding=\"async\" src=\"https:\/\/noviasdavila.com\/wp-content\/uploads\/arianavara.png\" alt=\"arianavara\" title=\"arianavara\" itemprop=\"image\"  \/>\n\t\t\t\t\t\t<\/a>\n\t\t\t\t<a href=\"https:\/\/houseofwu.com\/dress\/56494-2\/\" target=\"_blank\" rel=\"noopener\" itemprop=\"url\">\n\t\t\t\t<img decoding=\"async\" src=\"https:\/\/noviasdavila.com\/wp-content\/uploads\/Fiesta-Gowns-by-House-of-Wu-Style-56494.png\" alt=\"Fiesta Gowns by House of Wu Style 56494\" title=\"Fiesta Gowns by House of Wu Style 56494\" itemprop=\"image\"  \/>\n\t\t\t\t\t\t<\/a>\n\t\tFiesta Gowns by House of Wu Style 56494\n\t\t\t\t<a href=\"https:\/\/houseofwu.com\/collection\/fiesta\/\" target=\"_blank\" rel=\"noopener\" itemprop=\"url\">\n\t\t\t\t<img decoding=\"async\" src=\"https:\/\/noviasdavila.com\/wp-content\/uploads\/Fiesta-Gowns-by-House-of-Wu-1.jpg\" alt=\"Screenshot\" title=\"Screenshot\" itemprop=\"image\"  \/>\n\t\t\t\t\t\t<\/a>\n\t\t\t\t<a href=\"https:\/\/houseofwu.com\/dress\/26092-2\/\" target=\"_blank\" rel=\"noopener\" itemprop=\"url\">\n\t\t\t\t<img decoding=\"async\" src=\"https:\/\/noviasdavila.com\/wp-content\/uploads\/House-of-Wu-Style-26092.png\" alt=\"House of Wu Style 26092\" title=\"House of Wu Style 26092\" itemprop=\"image\"  \/>\n\t\t\t\t\t\t<\/a>\n\t\tHouse of Wu \nStyle 26092\n\t\t\t\t<a href=\"https:\/\/houseofwu.com\/\" target=\"_blank\" rel=\"noopener\" itemprop=\"url\">\n\t\t\t\t<img decoding=\"async\" src=\"https:\/\/noviasdavila.com\/wp-content\/uploads\/wu.png\" alt=\"wu\" title=\"wu\" itemprop=\"image\"  \/>\n\t\t\t\t\t\t<\/a>\n\t\t\t\t<a href=\"https:\/\/ragazzafashion.com.mx\/mv54-154\/#uc_owl_sliding_thumbs_gallery_elementor_d1569c1_item2\" target=\"_blank\" rel=\"noopener\" itemprop=\"url\">\n\t\t\t\t<img decoding=\"async\" src=\"https:\/\/noviasdavila.com\/wp-content\/uploads\/Pioneer-by-Ragazza-Fashion-1.png\" alt=\"Pioneer by            Ragazza Fashion\" title=\"Pioneer by Ragazza Fashion\" itemprop=\"image\"  \/>\n\t\t\t\t\t\t<\/a>\n\t\tPioneer by            \nRagazza Fashion\n\t\t\t\t<a href=\"https:\/\/ragazzafashion.com.mx\/colecciones\/\" target=\"_blank\" rel=\"noopener\" itemprop=\"url\">\n\t\t\t\t<img decoding=\"async\" src=\"https:\/\/noviasdavila.com\/wp-content\/uploads\/Ragazza-Fashion-Logo-.png\" alt=\"Ragazza Fashion Logo\" title=\"Ragazza Fashion Logo\" itemprop=\"image\"  \/>\n\t\t\t\t\t\t<\/a>\n\t\t\t\t<img loading=\"lazy\" decoding=\"async\" src=\"https:\/\/noviasdavila.com\/wp-content\/uploads\/2024-QD-Logo-Styleguide_Blk-2.png\" alt=\"2024 QD Logo Styleguide_Blk 2\" itemprop=\"image\" height=\"82\" width=\"328\" title=\"2024 QD Logo Styleguide_Blk 2\" onerror=\"this.style.display='none'\"  \/>","protected":false},"excerpt":{"rendered":"<p>Bienvenidos a Novias Davila Dreams of Quincea\u00f1eras Who We Are About Established in 1998, Novias Davila began in Cicero, Illinois. Novias Davila prides itself on our customer service and dedication to creating traditional and unique Quincea\u00f1era gowns, which become part of your life\u2019s memorable milestones. In 2012, Novias Davila relocated to Chicago\u2019s Little Village Community. [&hellip;]<\/p>\n","protected":false},"author":3,"featured_media":0,"parent":0,"menu_order":0,"comment_status":"closed","ping_status":"closed","template":"","meta":{"site-sidebar-layout":"no-sidebar","site-content-layout":"page-builder","ast-site-content-layout":"full-width-container","site-content-style":"unboxed","site-sidebar-style":"unboxed","ast-global-header-display":"","ast-banner-title-visibility":"","ast-main-header-display":"","ast-hfb-above-header-display":"","ast-hfb-below-header-display":"","ast-hfb-mobile-header-display":"","site-post-title":"disabled","ast-breadcrumbs-content":"","ast-featured-img":"disabled","footer-sml-layout":"","ast-disable-related-posts":"","theme-transparent-header-meta":"disabled","adv-header-id-meta":"","stick-header-meta":"default","header-above-stick-meta":"","header-main-stick-meta":"","header-below-stick-meta":"","astra-migrate-meta-layouts":"set","ast-page-background-enabled":"default","ast-page-background-meta":{"desktop":{"background-color":"","background-image":"","background-repeat":"repeat","background-position":"center center","background-size":"auto","background-attachment":"scroll","background-type":"","background-media":"","overlay-type":"","overlay-color":"","overlay-opacity":"","overlay-gradient":""},"tablet":{"background-color":"","background-image":"","background-repeat":"repeat","background-position":"center center","background-size":"auto","background-attachment":"scroll","background-type":"","background-media":"","overlay-type":"","overlay-color":"","overlay-opacity":"","overlay-gradient":""},"mobile":{"background-color":"","background-image":"","background-repeat":"repeat","background-position":"center center","background-size":"auto","background-attachment":"scroll","background-type":"","background-media":"","overlay-type":"","overlay-color":"","overlay-opacity":"","overlay-gradient":""}},"ast-content-background-meta":{"desktop":{"background-color":"var(--ast-global-color-5)","background-image":"","background-repeat":"repeat","background-position":"center center","background-size":"auto","background-attachment":"scroll","background-type":"","background-media":"","overlay-type":"","overlay-color":"","overlay-opacity":"","overlay-gradient":""},"tablet":{"background-color":"var(--ast-global-color-5)","background-image":"","background-repeat":"repeat","background-position":"center center","background-size":"auto","background-attachment":"scroll","background-type":"","background-media":"","overlay-type":"","overlay-color":"","overlay-opacity":"","overlay-gradient":""},"mobile":{"background-color":"var(--ast-global-color-5)","background-image":"","background-repeat":"repeat","background-position":"center center","background-size":"auto","background-attachment":"scroll","background-type":"","background-media":"","overlay-type":"","overlay-color":"","overlay-opacity":"","overlay-gradient":""}},"footnotes":""},"class_list":["post-282","page","type-page","status-publish","hentry"],"yoast_head":"<!-- This site is optimized with the Yoast SEO plugin v27.5 - https:\/\/yoast.com\/product\/yoast-seo-wordpress\/ -->\n<title>Dreams of Quincea\u00f1eras | Novias Davila<\/title>\n<meta name=\"robots\" content=\"index, follow, max-snippet:-1, max-image-preview:large, max-video-preview:-1\" \/>\n<link rel=\"canonical\" href=\"https:\/\/noviasdavila.com\/es\/\" \/>\n<meta property=\"og:locale\" content=\"es_MX\" \/>\n<meta property=\"og:type\" content=\"article\" \/>\n<meta property=\"og:title\" content=\"Dreams of Quincea\u00f1eras | Novias Davila\" \/>\n<meta property=\"og:description\" content=\"Bienvenidos a Novias Davila Dreams of Quincea\u00f1eras Who We Are About Established in 1998, Novias Davila began in Cicero, Illinois. Novias Davila prides itself on our customer service and dedication to creating traditional and unique Quincea\u00f1era gowns, which become part of your life\u2019s memorable milestones. In 2012, Novias Davila relocated to Chicago\u2019s Little Village Community. [&hellip;]\" \/>\n<meta property=\"og:url\" content=\"https:\/\/noviasdavila.com\/es\/\" \/>\n<meta property=\"og:site_name\" content=\"Novias Davila\" \/>\n<meta property=\"article:modified_time\" content=\"2026-02-25T16:00:36+00:00\" \/>\n<meta property=\"og:image\" content=\"https:\/\/noviasdavila.com\/wp-content\/uploads\/GD-Red-Gown-.jpg\" \/>\n<meta name=\"twitter:card\" content=\"summary_large_image\" \/>\n<script type=\"application\/ld+json\" class=\"yoast-schema-graph\">{\"@context\":\"https:\\\/\\\/schema.org\",\"@graph\":[{\"@type\":\"WebPage\",\"@id\":\"https:\\\/\\\/noviasdavila.com\\\/\",\"url\":\"https:\\\/\\\/noviasdavila.com\\\/\",\"name\":\"Dreams of Quincea\u00f1eras | Novias Davila\",\"isPartOf\":{\"@id\":\"https:\\\/\\\/b8z.850.myftpupload.com\\\/#website\"},\"primaryImageOfPage\":{\"@id\":\"https:\\\/\\\/noviasdavila.com\\\/#primaryimage\"},\"image\":{\"@id\":\"https:\\\/\\\/noviasdavila.com\\\/#primaryimage\"},\"thumbnailUrl\":\"https:\\\/\\\/noviasdavila.com\\\/wp-content\\\/uploads\\\/GD-Red-Gown-.jpg\",\"datePublished\":\"2019-02-28T21:00:17+00:00\",\"dateModified\":\"2026-02-25T16:00:36+00:00\",\"breadcrumb\":{\"@id\":\"https:\\\/\\\/noviasdavila.com\\\/#breadcrumb\"},\"inLanguage\":\"es\",\"potentialAction\":[{\"@type\":\"ReadAction\",\"target\":[\"https:\\\/\\\/noviasdavila.com\\\/\"]}]},{\"@type\":\"ImageObject\",\"inLanguage\":\"es\",\"@id\":\"https:\\\/\\\/noviasdavila.com\\\/#primaryimage\",\"url\":\"https:\\\/\\\/noviasdavila.com\\\/wp-content\\\/uploads\\\/GD-Red-Gown-.jpg\",\"contentUrl\":\"https:\\\/\\\/noviasdavila.com\\\/wp-content\\\/uploads\\\/GD-Red-Gown-.jpg\"},{\"@type\":\"BreadcrumbList\",\"@id\":\"https:\\\/\\\/noviasdavila.com\\\/#breadcrumb\",\"itemListElement\":[{\"@type\":\"ListItem\",\"position\":1,\"name\":\"Home\",\"item\":\"https:\\\/\\\/noviasdavila.com\\\/\"},{\"@type\":\"ListItem\",\"position\":2,\"name\":\"Dreams of Quincea\u00f1eras\"}]},{\"@type\":\"WebSite\",\"@id\":\"https:\\\/\\\/b8z.850.myftpupload.com\\\/#website\",\"url\":\"https:\\\/\\\/b8z.850.myftpupload.com\\\/\",\"name\":\"Novias Davila\",\"description\":\"\",\"publisher\":{\"@id\":\"https:\\\/\\\/b8z.850.myftpupload.com\\\/#organization\"},\"potentialAction\":[{\"@type\":\"SearchAction\",\"target\":{\"@type\":\"EntryPoint\",\"urlTemplate\":\"https:\\\/\\\/b8z.850.myftpupload.com\\\/?s={search_term_string}\"},\"query-input\":{\"@type\":\"PropertyValueSpecification\",\"valueRequired\":true,\"valueName\":\"search_term_string\"}}],\"inLanguage\":\"es\"},{\"@type\":\"Organization\",\"@id\":\"https:\\\/\\\/b8z.850.myftpupload.com\\\/#organization\",\"name\":\"Novias Davila\",\"url\":\"https:\\\/\\\/b8z.850.myftpupload.com\\\/\",\"logo\":{\"@type\":\"ImageObject\",\"inLanguage\":\"es\",\"@id\":\"https:\\\/\\\/b8z.850.myftpupload.com\\\/#\\\/schema\\\/logo\\\/image\\\/\",\"url\":\"https:\\\/\\\/noviasdavila.com\\\/wp-content\\\/uploads\\\/2024-QD-Logo-Styleguide_Blk-2.png\",\"contentUrl\":\"https:\\\/\\\/noviasdavila.com\\\/wp-content\\\/uploads\\\/2024-QD-Logo-Styleguide_Blk-2.png\",\"width\":328,\"height\":82,\"caption\":\"Novias Davila\"},\"image\":{\"@id\":\"https:\\\/\\\/b8z.850.myftpupload.com\\\/#\\\/schema\\\/logo\\\/image\\\/\"}}]}<\/script>\n<!-- \/ Yoast SEO plugin. -->","yoast_head_json":{"title":"Dreams of Quincea\u00f1eras | Novias Davila","robots":{"index":"index","follow":"follow","max-snippet":"max-snippet:-1","max-image-preview":"max-image-preview:large","max-video-preview":"max-video-preview:-1"},"canonical":"https:\/\/noviasdavila.com\/es\/","og_locale":"es_MX","og_type":"article","og_title":"Dreams of Quincea\u00f1eras | Novias Davila","og_description":"Bienvenidos a Novias Davila Dreams of Quincea\u00f1eras Who We Are About Established in 1998, Novias Davila began in Cicero, Illinois. Novias Davila prides itself on our customer service and dedication to creating traditional and unique Quincea\u00f1era gowns, which become part of your life\u2019s memorable milestones. In 2012, Novias Davila relocated to Chicago\u2019s Little Village Community. [&hellip;]","og_url":"https:\/\/noviasdavila.com\/es\/","og_site_name":"Novias Davila","article_modified_time":"2026-02-25T16:00:36+00:00","og_image":[{"url":"https:\/\/noviasdavila.com\/wp-content\/uploads\/GD-Red-Gown-.jpg","type":"","width":"","height":""}],"twitter_card":"summary_large_image","schema":{"@context":"https:\/\/schema.org","@graph":[{"@type":"WebPage","@id":"https:\/\/noviasdavila.com\/","url":"https:\/\/noviasdavila.com\/","name":"Dreams of Quincea\u00f1eras | Novias Davila","isPartOf":{"@id":"https:\/\/b8z.850.myftpupload.com\/#website"},"primaryImageOfPage":{"@id":"https:\/\/noviasdavila.com\/#primaryimage"},"image":{"@id":"https:\/\/noviasdavila.com\/#primaryimage"},"thumbnailUrl":"https:\/\/noviasdavila.com\/wp-content\/uploads\/GD-Red-Gown-.jpg","datePublished":"2019-02-28T21:00:17+00:00","dateModified":"2026-02-25T16:00:36+00:00","breadcrumb":{"@id":"https:\/\/noviasdavila.com\/#breadcrumb"},"inLanguage":"es","potentialAction":[{"@type":"ReadAction","target":["https:\/\/noviasdavila.com\/"]}]},{"@type":"ImageObject","inLanguage":"es","@id":"https:\/\/noviasdavila.com\/#primaryimage","url":"https:\/\/noviasdavila.com\/wp-content\/uploads\/GD-Red-Gown-.jpg","contentUrl":"https:\/\/noviasdavila.com\/wp-content\/uploads\/GD-Red-Gown-.jpg"},{"@type":"BreadcrumbList","@id":"https:\/\/noviasdavila.com\/#breadcrumb","itemListElement":[{"@type":"ListItem","position":1,"name":"Home","item":"https:\/\/noviasdavila.com\/"},{"@type":"ListItem","position":2,"name":"Dreams of Quincea\u00f1eras"}]},{"@type":"WebSite","@id":"https:\/\/b8z.850.myftpupload.com\/#website","url":"https:\/\/b8z.850.myftpupload.com\/","name":"Novias D\u00e1vila","description":"","publisher":{"@id":"https:\/\/b8z.850.myftpupload.com\/#organization"},"potentialAction":[{"@type":"SearchAction","target":{"@type":"EntryPoint","urlTemplate":"https:\/\/b8z.850.myftpupload.com\/?s={search_term_string}"},"query-input":{"@type":"PropertyValueSpecification","valueRequired":true,"valueName":"search_term_string"}}],"inLanguage":"es"},{"@type":"Organization","@id":"https:\/\/b8z.850.myftpupload.com\/#organization","name":"Novias D\u00e1vila","url":"https:\/\/b8z.850.myftpupload.com\/","logo":{"@type":"ImageObject","inLanguage":"es","@id":"https:\/\/b8z.850.myftpupload.com\/#\/schema\/logo\/image\/","url":"https:\/\/noviasdavila.com\/wp-content\/uploads\/2024-QD-Logo-Styleguide_Blk-2.png","contentUrl":"https:\/\/noviasdavila.com\/wp-content\/uploads\/2024-QD-Logo-Styleguide_Blk-2.png","width":328,"height":82,"caption":"Novias Davila"},"image":{"@id":"https:\/\/b8z.850.myftpupload.com\/#\/schema\/logo\/image\/"}}]}},"_links":{"self":[{"href":"https:\/\/noviasdavila.com\/es\/wp-json\/wp\/v2\/pages\/282","targetHints":{"allow":["GET"]}}],"collection":[{"href":"https:\/\/noviasdavila.com\/es\/wp-json\/wp\/v2\/pages"}],"about":[{"href":"https:\/\/noviasdavila.com\/es\/wp-json\/wp\/v2\/types\/page"}],"author":[{"embeddable":true,"href":"https:\/\/noviasdavila.com\/es\/wp-json\/wp\/v2\/users\/3"}],"replies":[{"embeddable":true,"href":"https:\/\/noviasdavila.com\/es\/wp-json\/wp\/v2\/comments?post=282"}],"version-history":[{"count":28,"href":"https:\/\/noviasdavila.com\/es\/wp-json\/wp\/v2\/pages\/282\/revisions"}],"predecessor-version":[{"id":25426,"href":"https:\/\/noviasdavila.com\/es\/wp-json\/wp\/v2\/pages\/282\/revisions\/25426"}],"wp:attachment":[{"href":"https:\/\/noviasdavila.com\/es\/wp-json\/wp\/v2\/media?parent=282"}],"curies":[{"name":"wp","href":"https:\/\/api.w.org\/{rel}","templated":true}]}}