{"id":16,"date":"2019-02-28T21:28:26","date_gmt":"2019-02-28T21:28:26","guid":{"rendered":"https:\/\/ndavila.wpengine.com\/contact\/"},"modified":"2026-02-12T10:20:25","modified_gmt":"2026-02-12T16:20:25","slug":"contact","status":"publish","type":"page","link":"https:\/\/noviasdavila.com\/es\/contact\/","title":{"rendered":"Contacto"},"content":{"rendered":"<h1>\n\t\t\t\tContact Us!\n\t\t\t<\/h1>\n\t<h2>\n\t\t\t\tPonerse en contacto\n\t\t\t<\/h2>\n\t\t\t<p>Nuestro personal capacitado est\u00e1 aqu\u00ed para ayudar.<\/p>\t\n\t\t\t\t<img loading=\"lazy\" decoding=\"async\" src=\"https:\/\/noviasdavila.com\/wp-content\/uploads\/2024-QD-Logo-Styleguide_Blk-2.png\" alt=\"2024 QD Logo Styleguide_Blk 2\" itemprop=\"image\" height=\"82\" width=\"328\" title=\"2024 QD Logo Styleguide_Blk 2\" onerror=\"this.style.display='none'\"  \/>\n\t\t\t\t<img decoding=\"async\" src=\"https:\/\/noviasdavila.com\/wp-content\/uploads\/Quinceaneras-Davila-Store-1.jpg\" alt=\"Quincean\u0303eras Davila Store\" title=\"Quincean\u0303eras Davila Store\" itemprop=\"image\"  \/>\n\t\t\t\t<img loading=\"lazy\" decoding=\"async\" src=\"https:\/\/noviasdavila.com\/wp-content\/uploads\/2024-QD-Logo-Styleguide_Blk-2.png\" alt=\"2024 QD Logo Styleguide_Blk 2\" itemprop=\"image\" height=\"82\" width=\"328\" title=\"2024 QD Logo Styleguide_Blk 2\" onerror=\"this.style.display='none'\"  \/>\n\t\t\t<h5>Ubicaci\u00f3n<\/h5>\t\t\t\n\t\t\t\t<p>3535 W 26th st 2do piso, Chicago IL 60623<\/p>\n\t\t\t<h5>Horas de trabajo<\/h5>\t\t\t\n\t\t\t\t<p><strong>Tuesday &#8211; Friday 12PM-6PM<\/strong><\/p>\n<p><strong>Saturday 10AM-6PM<\/strong><\/p>\n<p><strong>Sunday &amp; Monday Closed<\/strong><\/p>\n<p>Estimados clientes de Novias D\u00e1vila esperando que tengan unas felices fiestas.\u00a0 Les informamos que estaremos cerrados por los d\u00edas festivos el d\u00eda 19 de Diciembre y regresamos el d\u00eda 6 de Enero con el horario regular. \u00a0Muchas gracias por su preferencia. FELIZ NAVIDAD Y UN PROSPERO A\u00d1O NUEVO!<\/p>\n<p>Dear clients of Novias D\u00e1vila, hoping you have a happy holiday season. We inform you that we will be closed for holidays on December 19 and we will return on January 6 with our normal business hours. Thank you very much for your preference. MERRY CHRISTMAS AND A PROSPEROUS NEW YEAR!<\/p>\n\t\t\t<h5>Tel\u00e9fono<\/h5>\t\t\t\n\t\t\t\t<p><a href=\"tel:+1-773-521-5555\">773-521-5555<\/a><\/p>\n\t\t\t<h5>Email<\/h5>\t\t\t\n\t\t\t\t<p><a href=\"\/es\/davilabridals@gmail.com\/\">davilabridals@gmail.com<\/a><\/p>\n\t\t\t\t<img loading=\"lazy\" decoding=\"async\" src=\"https:\/\/noviasdavila.com\/wp-content\/uploads\/2024-QD-Logo-Styleguide_Blk-2.png\" alt=\"2024 QD Logo Styleguide_Blk 2\" itemprop=\"image\" height=\"82\" width=\"328\" title=\"2024 QD Logo Styleguide_Blk 2\" onerror=\"this.style.display='none'\"  \/>\n\t<iframe src=\"https:\/\/www.google.com\/maps\/embed\/v1\/place?q=3535+W+26th+st+2nd+floor%2C+Chicago+IL+60623&#038;key=AIzaSyD09zQ9PNDNNy9TadMuzRV_UsPUoWKntt8\" aria-hidden=\"true\"><\/iframe>","protected":false},"excerpt":{"rendered":"<p>Contact Us! Get in Touch Our knowledgeable staff is here to help. Location 3535 W 26th st 2nd floor, Chicago IL 60623 Business Hours Tuesday &#8211; Friday 12PM-6PM Saturday 10AM-6PM Sunday &amp; Monday Closed Estimados clientes de Novias D\u00e1vila esperando que tengan unas felices fiestas.\u00a0 Les informamos que estaremos cerrados por los d\u00edas festivos el [&hellip;]<\/p>\n","protected":false},"author":3,"featured_media":0,"parent":0,"menu_order":0,"comment_status":"closed","ping_status":"closed","template":"","meta":{"site-sidebar-layout":"no-sidebar","site-content-layout":"page-builder","ast-site-content-layout":"full-width-container","site-content-style":"unboxed","site-sidebar-style":"unboxed","ast-global-header-display":"","ast-banner-title-visibility":"","ast-main-header-display":"","ast-hfb-above-header-display":"","ast-hfb-below-header-display":"","ast-hfb-mobile-header-display":"","site-post-title":"disabled","ast-breadcrumbs-content":"","ast-featured-img":"disabled","footer-sml-layout":"","ast-disable-related-posts":"","theme-transparent-header-meta":"disabled","adv-header-id-meta":"","stick-header-meta":"default","header-above-stick-meta":"","header-main-stick-meta":"","header-below-stick-meta":"","astra-migrate-meta-layouts":"set","ast-page-background-enabled":"default","ast-page-background-meta":{"desktop":{"background-color":"","background-image":"","background-repeat":"repeat","background-position":"center center","background-size":"auto","background-attachment":"scroll","background-type":"","background-media":"","overlay-type":"","overlay-color":"","overlay-opacity":"","overlay-gradient":""},"tablet":{"background-color":"","background-image":"","background-repeat":"repeat","background-position":"center center","background-size":"auto","background-attachment":"scroll","background-type":"","background-media":"","overlay-type":"","overlay-color":"","overlay-opacity":"","overlay-gradient":""},"mobile":{"background-color":"","background-image":"","background-repeat":"repeat","background-position":"center center","background-size":"auto","background-attachment":"scroll","background-type":"","background-media":"","overlay-type":"","overlay-color":"","overlay-opacity":"","overlay-gradient":""}},"ast-content-background-meta":{"desktop":{"background-color":"var(--ast-global-color-5)","background-image":"","background-repeat":"repeat","background-position":"center center","background-size":"auto","background-attachment":"scroll","background-type":"","background-media":"","overlay-type":"","overlay-color":"","overlay-opacity":"","overlay-gradient":""},"tablet":{"background-color":"var(--ast-global-color-5)","background-image":"","background-repeat":"repeat","background-position":"center center","background-size":"auto","background-attachment":"scroll","background-type":"","background-media":"","overlay-type":"","overlay-color":"","overlay-opacity":"","overlay-gradient":""},"mobile":{"background-color":"var(--ast-global-color-5)","background-image":"","background-repeat":"repeat","background-position":"center center","background-size":"auto","background-attachment":"scroll","background-type":"","background-media":"","overlay-type":"","overlay-color":"","overlay-opacity":"","overlay-gradient":""}},"footnotes":""},"class_list":["post-16","page","type-page","status-publish","hentry"],"yoast_head":"<!-- This site is optimized with the Yoast SEO plugin v27.5 - https:\/\/yoast.com\/product\/yoast-seo-wordpress\/ -->\n<title>Contact | Novias Davila<\/title>\n<meta name=\"robots\" content=\"index, follow, max-snippet:-1, max-image-preview:large, max-video-preview:-1\" \/>\n<link rel=\"canonical\" href=\"https:\/\/noviasdavila.com\/es\/contact\/\" \/>\n<meta property=\"og:locale\" content=\"es_MX\" \/>\n<meta property=\"og:type\" content=\"article\" \/>\n<meta property=\"og:title\" content=\"Contact | Novias Davila\" \/>\n<meta property=\"og:description\" content=\"Contact Us! Get in Touch Our knowledgeable staff is here to help. Location 3535 W 26th st 2nd floor, Chicago IL 60623 Business Hours Tuesday &#8211; Friday 12PM-6PM Saturday 10AM-6PM Sunday &amp; Monday Closed Estimados clientes de Novias D\u00e1vila esperando que tengan unas felices fiestas.\u00a0 Les informamos que estaremos cerrados por los d\u00edas festivos el [&hellip;]\" \/>\n<meta property=\"og:url\" content=\"https:\/\/noviasdavila.com\/es\/contact\/\" \/>\n<meta property=\"og:site_name\" content=\"Novias Davila\" \/>\n<meta property=\"article:modified_time\" content=\"2026-02-12T16:20:25+00:00\" \/>\n<meta property=\"og:image\" content=\"https:\/\/noviasdavila.com\/wp-content\/uploads\/2024-QD-Logo-Styleguide_Blk-2.png\" \/>\n<meta name=\"twitter:card\" content=\"summary_large_image\" \/>\n<script type=\"application\/ld+json\" class=\"yoast-schema-graph\">{\"@context\":\"https:\\\/\\\/schema.org\",\"@graph\":[{\"@type\":\"WebPage\",\"@id\":\"https:\\\/\\\/noviasdavila.com\\\/contact\\\/\",\"url\":\"https:\\\/\\\/noviasdavila.com\\\/contact\\\/\",\"name\":\"Contact | Novias Davila\",\"isPartOf\":{\"@id\":\"https:\\\/\\\/b8z.850.myftpupload.com\\\/#website\"},\"primaryImageOfPage\":{\"@id\":\"https:\\\/\\\/noviasdavila.com\\\/contact\\\/#primaryimage\"},\"image\":{\"@id\":\"https:\\\/\\\/noviasdavila.com\\\/contact\\\/#primaryimage\"},\"thumbnailUrl\":\"https:\\\/\\\/noviasdavila.com\\\/wp-content\\\/uploads\\\/2024-QD-Logo-Styleguide_Blk-2.png\",\"datePublished\":\"2019-02-28T21:28:26+00:00\",\"dateModified\":\"2026-02-12T16:20:25+00:00\",\"breadcrumb\":{\"@id\":\"https:\\\/\\\/noviasdavila.com\\\/contact\\\/#breadcrumb\"},\"inLanguage\":\"es\",\"potentialAction\":[{\"@type\":\"ReadAction\",\"target\":[\"https:\\\/\\\/noviasdavila.com\\\/contact\\\/\"]}]},{\"@type\":\"ImageObject\",\"inLanguage\":\"es\",\"@id\":\"https:\\\/\\\/noviasdavila.com\\\/contact\\\/#primaryimage\",\"url\":\"https:\\\/\\\/noviasdavila.com\\\/wp-content\\\/uploads\\\/2024-QD-Logo-Styleguide_Blk-2.png\",\"contentUrl\":\"https:\\\/\\\/noviasdavila.com\\\/wp-content\\\/uploads\\\/2024-QD-Logo-Styleguide_Blk-2.png\"},{\"@type\":\"BreadcrumbList\",\"@id\":\"https:\\\/\\\/noviasdavila.com\\\/contact\\\/#breadcrumb\",\"itemListElement\":[{\"@type\":\"ListItem\",\"position\":1,\"name\":\"Home\",\"item\":\"https:\\\/\\\/noviasdavila.com\\\/\"},{\"@type\":\"ListItem\",\"position\":2,\"name\":\"Contact\"}]},{\"@type\":\"WebSite\",\"@id\":\"https:\\\/\\\/b8z.850.myftpupload.com\\\/#website\",\"url\":\"https:\\\/\\\/b8z.850.myftpupload.com\\\/\",\"name\":\"Novias Davila\",\"description\":\"\",\"publisher\":{\"@id\":\"https:\\\/\\\/b8z.850.myftpupload.com\\\/#organization\"},\"potentialAction\":[{\"@type\":\"SearchAction\",\"target\":{\"@type\":\"EntryPoint\",\"urlTemplate\":\"https:\\\/\\\/b8z.850.myftpupload.com\\\/?s={search_term_string}\"},\"query-input\":{\"@type\":\"PropertyValueSpecification\",\"valueRequired\":true,\"valueName\":\"search_term_string\"}}],\"inLanguage\":\"es\"},{\"@type\":\"Organization\",\"@id\":\"https:\\\/\\\/b8z.850.myftpupload.com\\\/#organization\",\"name\":\"Novias Davila\",\"url\":\"https:\\\/\\\/b8z.850.myftpupload.com\\\/\",\"logo\":{\"@type\":\"ImageObject\",\"inLanguage\":\"es\",\"@id\":\"https:\\\/\\\/b8z.850.myftpupload.com\\\/#\\\/schema\\\/logo\\\/image\\\/\",\"url\":\"https:\\\/\\\/noviasdavila.com\\\/wp-content\\\/uploads\\\/2024-QD-Logo-Styleguide_Blk-2.png\",\"contentUrl\":\"https:\\\/\\\/noviasdavila.com\\\/wp-content\\\/uploads\\\/2024-QD-Logo-Styleguide_Blk-2.png\",\"width\":328,\"height\":82,\"caption\":\"Novias Davila\"},\"image\":{\"@id\":\"https:\\\/\\\/b8z.850.myftpupload.com\\\/#\\\/schema\\\/logo\\\/image\\\/\"}}]}<\/script>\n<!-- \/ Yoast SEO plugin. -->","yoast_head_json":{"title":"Contact | Novias Davila","robots":{"index":"index","follow":"follow","max-snippet":"max-snippet:-1","max-image-preview":"max-image-preview:large","max-video-preview":"max-video-preview:-1"},"canonical":"https:\/\/noviasdavila.com\/es\/contact\/","og_locale":"es_MX","og_type":"article","og_title":"Contact | Novias Davila","og_description":"Contact Us! Get in Touch Our knowledgeable staff is here to help. Location 3535 W 26th st 2nd floor, Chicago IL 60623 Business Hours Tuesday &#8211; Friday 12PM-6PM Saturday 10AM-6PM Sunday &amp; Monday Closed Estimados clientes de Novias D\u00e1vila esperando que tengan unas felices fiestas.\u00a0 Les informamos que estaremos cerrados por los d\u00edas festivos el [&hellip;]","og_url":"https:\/\/noviasdavila.com\/es\/contact\/","og_site_name":"Novias Davila","article_modified_time":"2026-02-12T16:20:25+00:00","og_image":[{"url":"https:\/\/noviasdavila.com\/wp-content\/uploads\/2024-QD-Logo-Styleguide_Blk-2.png","type":"","width":"","height":""}],"twitter_card":"summary_large_image","schema":{"@context":"https:\/\/schema.org","@graph":[{"@type":"WebPage","@id":"https:\/\/noviasdavila.com\/contact\/","url":"https:\/\/noviasdavila.com\/contact\/","name":"Contact | Novias Davila","isPartOf":{"@id":"https:\/\/b8z.850.myftpupload.com\/#website"},"primaryImageOfPage":{"@id":"https:\/\/noviasdavila.com\/contact\/#primaryimage"},"image":{"@id":"https:\/\/noviasdavila.com\/contact\/#primaryimage"},"thumbnailUrl":"https:\/\/noviasdavila.com\/wp-content\/uploads\/2024-QD-Logo-Styleguide_Blk-2.png","datePublished":"2019-02-28T21:28:26+00:00","dateModified":"2026-02-12T16:20:25+00:00","breadcrumb":{"@id":"https:\/\/noviasdavila.com\/contact\/#breadcrumb"},"inLanguage":"es","potentialAction":[{"@type":"ReadAction","target":["https:\/\/noviasdavila.com\/contact\/"]}]},{"@type":"ImageObject","inLanguage":"es","@id":"https:\/\/noviasdavila.com\/contact\/#primaryimage","url":"https:\/\/noviasdavila.com\/wp-content\/uploads\/2024-QD-Logo-Styleguide_Blk-2.png","contentUrl":"https:\/\/noviasdavila.com\/wp-content\/uploads\/2024-QD-Logo-Styleguide_Blk-2.png"},{"@type":"BreadcrumbList","@id":"https:\/\/noviasdavila.com\/contact\/#breadcrumb","itemListElement":[{"@type":"ListItem","position":1,"name":"Home","item":"https:\/\/noviasdavila.com\/"},{"@type":"ListItem","position":2,"name":"Contact"}]},{"@type":"WebSite","@id":"https:\/\/b8z.850.myftpupload.com\/#website","url":"https:\/\/b8z.850.myftpupload.com\/","name":"Novias D\u00e1vila","description":"","publisher":{"@id":"https:\/\/b8z.850.myftpupload.com\/#organization"},"potentialAction":[{"@type":"SearchAction","target":{"@type":"EntryPoint","urlTemplate":"https:\/\/b8z.850.myftpupload.com\/?s={search_term_string}"},"query-input":{"@type":"PropertyValueSpecification","valueRequired":true,"valueName":"search_term_string"}}],"inLanguage":"es"},{"@type":"Organization","@id":"https:\/\/b8z.850.myftpupload.com\/#organization","name":"Novias D\u00e1vila","url":"https:\/\/b8z.850.myftpupload.com\/","logo":{"@type":"ImageObject","inLanguage":"es","@id":"https:\/\/b8z.850.myftpupload.com\/#\/schema\/logo\/image\/","url":"https:\/\/noviasdavila.com\/wp-content\/uploads\/2024-QD-Logo-Styleguide_Blk-2.png","contentUrl":"https:\/\/noviasdavila.com\/wp-content\/uploads\/2024-QD-Logo-Styleguide_Blk-2.png","width":328,"height":82,"caption":"Novias Davila"},"image":{"@id":"https:\/\/b8z.850.myftpupload.com\/#\/schema\/logo\/image\/"}}]}},"_links":{"self":[{"href":"https:\/\/noviasdavila.com\/es\/wp-json\/wp\/v2\/pages\/16","targetHints":{"allow":["GET"]}}],"collection":[{"href":"https:\/\/noviasdavila.com\/es\/wp-json\/wp\/v2\/pages"}],"about":[{"href":"https:\/\/noviasdavila.com\/es\/wp-json\/wp\/v2\/types\/page"}],"author":[{"embeddable":true,"href":"https:\/\/noviasdavila.com\/es\/wp-json\/wp\/v2\/users\/3"}],"replies":[{"embeddable":true,"href":"https:\/\/noviasdavila.com\/es\/wp-json\/wp\/v2\/comments?post=16"}],"version-history":[{"count":9,"href":"https:\/\/noviasdavila.com\/es\/wp-json\/wp\/v2\/pages\/16\/revisions"}],"predecessor-version":[{"id":25430,"href":"https:\/\/noviasdavila.com\/es\/wp-json\/wp\/v2\/pages\/16\/revisions\/25430"}],"wp:attachment":[{"href":"https:\/\/noviasdavila.com\/es\/wp-json\/wp\/v2\/media?parent=16"}],"curies":[{"name":"wp","href":"https:\/\/api.w.org\/{rel}","templated":true}]}}